{"id":4458,"date":"2025-08-14T14:31:22","date_gmt":"2025-08-14T14:31:22","guid":{"rendered":"https:\/\/grupodesarrolladorgrvs.com\/?page_id=4458"},"modified":"2025-11-27T15:46:53","modified_gmt":"2025-11-27T15:46:53","slug":"propiedades-terminadas","status":"publish","type":"page","link":"https:\/\/grupodesarrolladorgrvs.com\/en\/propiedades-terminadas\/","title":{"rendered":"Propiedades terminadas"},"content":{"rendered":"<div data-elementor-type=\"wp-page\" data-elementor-id=\"4458\" class=\"elementor elementor-4458\">\n\t\t\t\t\t\t<section class=\"elementor-section elementor-top-section elementor-element elementor-element-8819b3f elementor-section-boxed elementor-section-height-default elementor-section-height-default\" data-id=\"8819b3f\" data-element_type=\"section\">\n\t\t\t\t\t\t<div class=\"elementor-container elementor-column-gap-default\">\n\t\t\t\t\t<div class=\"elementor-column elementor-col-100 elementor-top-column elementor-element elementor-element-62b2de7\" data-id=\"62b2de7\" data-element_type=\"column\">\n\t\t\t<div class=\"elementor-widget-wrap elementor-element-populated\">\n\t\t\t\t\t\t<div class=\"elementor-element elementor-element-e436347 elementor-widget elementor-widget-shina_text_heading\" data-id=\"e436347\" data-element_type=\"widget\" data-widget_type=\"shina_text_heading.default\">\n\t\t\t\t<div class=\"elementor-widget-container\">\n\t\t\t\t\t\r\n    \r\r\n\t<!--Call To Action-->\r\r\n    <section class=\"call-to-action p-0 m-0\">\r\r\n    \t<div class=\"content-column\">\r\r\n            <h2 class=\"sh-title\">Propiedades Terminadas<\/h2>\r\n            <div class=\"text normal__text\"><\/div>\r\n        <\/div>\r\r\n   <\/section>\r\r\n    <!--End Call To Action-->  \r\r\n    \r\r\n    \t\t\t\t<\/div>\n\t\t\t\t<\/div>\n\t\t\t\t<section class=\"elementor-section elementor-inner-section elementor-element elementor-element-f033092 elementor-section-boxed elementor-section-height-default elementor-section-height-default\" data-id=\"f033092\" data-element_type=\"section\">\n\t\t\t\t\t\t<div class=\"elementor-container elementor-column-gap-no\">\n\t\t\t\t\t<div class=\"elementor-column elementor-col-33 elementor-inner-column elementor-element elementor-element-65dcba4\" data-id=\"65dcba4\" data-element_type=\"column\">\n\t\t\t<div class=\"elementor-widget-wrap elementor-element-populated\">\n\t\t\t\t\t\t<div class=\"elementor-element elementor-element-4c6a73b elementor-widget elementor-widget-shina_house_card\" data-id=\"4c6a73b\" data-element_type=\"widget\" data-settings=\"{&quot;btn_padding&quot;:{&quot;unit&quot;:&quot;px&quot;,&quot;top&quot;:&quot;&quot;,&quot;right&quot;:&quot;&quot;,&quot;bottom&quot;:&quot;&quot;,&quot;left&quot;:&quot;&quot;,&quot;isLinked&quot;:true},&quot;btn_padding_tablet&quot;:{&quot;unit&quot;:&quot;px&quot;,&quot;top&quot;:&quot;&quot;,&quot;right&quot;:&quot;&quot;,&quot;bottom&quot;:&quot;&quot;,&quot;left&quot;:&quot;&quot;,&quot;isLinked&quot;:true},&quot;btn_padding_mobile&quot;:{&quot;unit&quot;:&quot;px&quot;,&quot;top&quot;:&quot;&quot;,&quot;right&quot;:&quot;&quot;,&quot;bottom&quot;:&quot;&quot;,&quot;left&quot;:&quot;&quot;,&quot;isLinked&quot;:true}}\" data-widget_type=\"shina_house_card.default\">\n\t\t\t\t<div class=\"elementor-widget-container\">\n\t\t\t\t\t\r\n    \r\r\n    <!--Houses Section-->\r\r\n    <section class=\"houses-section p-0 m-0\">\r\r\n    \t<!--House Block-->\r\r\n        <div class=\"house-block\">\r\r\n            <div class=\"inner-box\">\r\r\n                <div class=\"image\">\r\r\n                    \r\n                    <img decoding=\"async\" src=\"https:\/\/grupodesarrolladorgrvs.com\/wp-content\/uploads\/2025\/08\/CRT_1.jpeg\" alt=\"Awesome Image\" \/>\r\r\n                    \r\n                    <div class=\"overlay-box\">\r\r\n                        <div class=\"overlay-inner\">\r\r\n                            \r\n                            <div class=\"content\">\r\r\n                                <h3>Costa Rican Tower<\/h3>\r\r\n                            <\/div>\r\r\n                            \r\n                            \r\n                            <a class=\"purchased sh-thm-btn\" href=\"https:\/\/grupodesarrolladorgrvs.com\/en\/property\/costa-rican-tower\/\" target=\"_blank\" rel=\"nofollow\">Ver m\u00e1s<\/a>\r\r\n                            \r\n                        <\/div>\r\r\n                    <\/div>\r\r\n                <\/div>\r\r\n            <\/div>\r\r\n        <\/div>\r\r\n\t<\/section>\r\r\n\t   \r\r\n    \t\t\t\t<\/div>\n\t\t\t\t<\/div>\n\t\t\t\t\t<\/div>\n\t\t<\/div>\n\t\t\t\t<div class=\"elementor-column elementor-col-33 elementor-inner-column elementor-element elementor-element-23e2841\" data-id=\"23e2841\" data-element_type=\"column\">\n\t\t\t<div class=\"elementor-widget-wrap elementor-element-populated\">\n\t\t\t\t\t\t<div class=\"elementor-element elementor-element-ded4062 elementor-widget elementor-widget-shina_house_card\" data-id=\"ded4062\" data-element_type=\"widget\" data-settings=\"{&quot;btn_padding&quot;:{&quot;unit&quot;:&quot;px&quot;,&quot;top&quot;:&quot;&quot;,&quot;right&quot;:&quot;&quot;,&quot;bottom&quot;:&quot;&quot;,&quot;left&quot;:&quot;&quot;,&quot;isLinked&quot;:true},&quot;btn_padding_tablet&quot;:{&quot;unit&quot;:&quot;px&quot;,&quot;top&quot;:&quot;&quot;,&quot;right&quot;:&quot;&quot;,&quot;bottom&quot;:&quot;&quot;,&quot;left&quot;:&quot;&quot;,&quot;isLinked&quot;:true},&quot;btn_padding_mobile&quot;:{&quot;unit&quot;:&quot;px&quot;,&quot;top&quot;:&quot;&quot;,&quot;right&quot;:&quot;&quot;,&quot;bottom&quot;:&quot;&quot;,&quot;left&quot;:&quot;&quot;,&quot;isLinked&quot;:true}}\" data-widget_type=\"shina_house_card.default\">\n\t\t\t\t<div class=\"elementor-widget-container\">\n\t\t\t\t\t\r\n    \r\r\n    <!--Houses Section-->\r\r\n    <section class=\"houses-section p-0 m-0\">\r\r\n    \t<!--House Block-->\r\r\n        <div class=\"house-block\">\r\r\n            <div class=\"inner-box\">\r\r\n                <div class=\"image\">\r\r\n                    \r\n                    <img decoding=\"async\" src=\"https:\/\/grupodesarrolladorgrvs.com\/wp-content\/uploads\/2025\/09\/WhatsApp-Image-2025-10-22-at-11.12.18-AM.jpeg\" alt=\"Awesome Image\" \/>\r\r\n                    \r\n                    <div class=\"overlay-box\">\r\r\n                        <div class=\"overlay-inner\">\r\r\n                            \r\n                            <div class=\"content\">\r\r\n                                <h3>VREDE<\/h3>\r\r\n                            <\/div>\r\r\n                            \r\n                            \r\n                            <a class=\"purchased sh-thm-btn\" href=\"https:\/\/grupodesarrolladorgrvs.com\/en\/property\/vrede\/\" target=\"_blank\" rel=\"nofollow\">Ver m\u00e1s<\/a>\r\r\n                            \r\n                        <\/div>\r\r\n                    <\/div>\r\r\n                <\/div>\r\r\n            <\/div>\r\r\n        <\/div>\r\r\n\t<\/section>\r\r\n\t   \r\r\n    \t\t\t\t<\/div>\n\t\t\t\t<\/div>\n\t\t\t\t\t<\/div>\n\t\t<\/div>\n\t\t\t\t<div class=\"elementor-column elementor-col-33 elementor-inner-column elementor-element elementor-element-9821b3d\" data-id=\"9821b3d\" data-element_type=\"column\">\n\t\t\t<div class=\"elementor-widget-wrap elementor-element-populated\">\n\t\t\t\t\t\t<div class=\"elementor-element elementor-element-0f14087 elementor-widget elementor-widget-shina_house_card\" data-id=\"0f14087\" data-element_type=\"widget\" data-settings=\"{&quot;btn_padding&quot;:{&quot;unit&quot;:&quot;px&quot;,&quot;top&quot;:&quot;&quot;,&quot;right&quot;:&quot;&quot;,&quot;bottom&quot;:&quot;&quot;,&quot;left&quot;:&quot;&quot;,&quot;isLinked&quot;:true},&quot;btn_padding_tablet&quot;:{&quot;unit&quot;:&quot;px&quot;,&quot;top&quot;:&quot;&quot;,&quot;right&quot;:&quot;&quot;,&quot;bottom&quot;:&quot;&quot;,&quot;left&quot;:&quot;&quot;,&quot;isLinked&quot;:true},&quot;btn_padding_mobile&quot;:{&quot;unit&quot;:&quot;px&quot;,&quot;top&quot;:&quot;&quot;,&quot;right&quot;:&quot;&quot;,&quot;bottom&quot;:&quot;&quot;,&quot;left&quot;:&quot;&quot;,&quot;isLinked&quot;:true}}\" data-widget_type=\"shina_house_card.default\">\n\t\t\t\t<div class=\"elementor-widget-container\">\n\t\t\t\t\t\r\n    \r\r\n    <!--Houses Section-->\r\r\n    <section class=\"houses-section p-0 m-0\">\r\r\n    \t<!--House Block-->\r\r\n        <div class=\"house-block\">\r\r\n            <div class=\"inner-box\">\r\r\n                <div class=\"image\">\r\r\n                    \r\n                    <img decoding=\"async\" src=\"https:\/\/grupodesarrolladorgrvs.com\/wp-content\/uploads\/2025\/08\/CRT_2.jpeg\" alt=\"Awesome Image\" \/>\r\r\n                    \r\n                    <div class=\"overlay-box\">\r\r\n                        <div class=\"overlay-inner\">\r\r\n                            \r\n                            <div class=\"content\">\r\r\n                                <h3>LOFF-77<\/h3>\r\r\n                            <\/div>\r\r\n                            \r\n                            \r\n                            <a class=\"purchased sh-thm-btn\" href=\"https:\/\/grupodesarrolladorgrvs.com\/en\/property\/loft-77\/\" target=\"_blank\" rel=\"nofollow\">Ver m\u00e1s<\/a>\r\r\n                            \r\n                        <\/div>\r\r\n                    <\/div>\r\r\n                <\/div>\r\r\n            <\/div>\r\r\n        <\/div>\r\r\n\t<\/section>\r\r\n\t   \r\r\n    \t\t\t\t<\/div>\n\t\t\t\t<\/div>\n\t\t\t\t\t<\/div>\n\t\t<\/div>\n\t\t\t\t\t<\/div>\n\t\t<\/section>\n\t\t\t\t<section class=\"elementor-section elementor-inner-section elementor-element elementor-element-a491c93 elementor-section-boxed elementor-section-height-default elementor-section-height-default\" data-id=\"a491c93\" data-element_type=\"section\">\n\t\t\t\t\t\t<div class=\"elementor-container elementor-column-gap-no\">\n\t\t\t\t\t<div class=\"elementor-column elementor-col-33 elementor-inner-column elementor-element elementor-element-2f7c557\" data-id=\"2f7c557\" data-element_type=\"column\">\n\t\t\t<div class=\"elementor-widget-wrap elementor-element-populated\">\n\t\t\t\t\t\t<div class=\"elementor-element elementor-element-c0748bb elementor-widget elementor-widget-shina_house_card\" data-id=\"c0748bb\" data-element_type=\"widget\" data-settings=\"{&quot;btn_padding&quot;:{&quot;unit&quot;:&quot;px&quot;,&quot;top&quot;:&quot;&quot;,&quot;right&quot;:&quot;&quot;,&quot;bottom&quot;:&quot;&quot;,&quot;left&quot;:&quot;&quot;,&quot;isLinked&quot;:true},&quot;btn_padding_tablet&quot;:{&quot;unit&quot;:&quot;px&quot;,&quot;top&quot;:&quot;&quot;,&quot;right&quot;:&quot;&quot;,&quot;bottom&quot;:&quot;&quot;,&quot;left&quot;:&quot;&quot;,&quot;isLinked&quot;:true},&quot;btn_padding_mobile&quot;:{&quot;unit&quot;:&quot;px&quot;,&quot;top&quot;:&quot;&quot;,&quot;right&quot;:&quot;&quot;,&quot;bottom&quot;:&quot;&quot;,&quot;left&quot;:&quot;&quot;,&quot;isLinked&quot;:true}}\" data-widget_type=\"shina_house_card.default\">\n\t\t\t\t<div class=\"elementor-widget-container\">\n\t\t\t\t\t\r\n    \r\r\n    <!--Houses Section-->\r\r\n    <section class=\"houses-section p-0 m-0\">\r\r\n    \t<!--House Block-->\r\r\n        <div class=\"house-block\">\r\r\n            <div class=\"inner-box\">\r\r\n                <div class=\"image\">\r\r\n                    \r\n                    <img decoding=\"async\" src=\"https:\/\/grupodesarrolladorgrvs.com\/wp-content\/uploads\/2025\/08\/Serdan.png\" alt=\"Awesome Image\" \/>\r\r\n                    \r\n                    <div class=\"overlay-box\">\r\r\n                        <div class=\"overlay-inner\">\r\r\n                            \r\n                            <div class=\"content\">\r\r\n                                <h3>SERD\u00c1N<\/h3>\r\r\n                            <\/div>\r\r\n                            \r\n                            \r\n                            <a class=\"purchased sh-thm-btn\" href=\"https:\/\/grupodesarrolladorgrvs.com\/en\/property\/serdan\/\" target=\"_blank\" rel=\"nofollow\">Ver m\u00e1s<\/a>\r\r\n                            \r\n                        <\/div>\r\r\n                    <\/div>\r\r\n                <\/div>\r\r\n            <\/div>\r\r\n        <\/div>\r\r\n\t<\/section>\r\r\n\t   \r\r\n    \t\t\t\t<\/div>\n\t\t\t\t<\/div>\n\t\t\t\t\t<\/div>\n\t\t<\/div>\n\t\t\t\t<div class=\"elementor-column elementor-col-33 elementor-inner-column elementor-element elementor-element-a295288\" data-id=\"a295288\" data-element_type=\"column\">\n\t\t\t<div class=\"elementor-widget-wrap elementor-element-populated\">\n\t\t\t\t\t\t<div class=\"elementor-element elementor-element-03a5b7d elementor-widget elementor-widget-shina_house_card\" data-id=\"03a5b7d\" data-element_type=\"widget\" data-settings=\"{&quot;btn_padding&quot;:{&quot;unit&quot;:&quot;px&quot;,&quot;top&quot;:&quot;&quot;,&quot;right&quot;:&quot;&quot;,&quot;bottom&quot;:&quot;&quot;,&quot;left&quot;:&quot;&quot;,&quot;isLinked&quot;:true},&quot;btn_padding_tablet&quot;:{&quot;unit&quot;:&quot;px&quot;,&quot;top&quot;:&quot;&quot;,&quot;right&quot;:&quot;&quot;,&quot;bottom&quot;:&quot;&quot;,&quot;left&quot;:&quot;&quot;,&quot;isLinked&quot;:true},&quot;btn_padding_mobile&quot;:{&quot;unit&quot;:&quot;px&quot;,&quot;top&quot;:&quot;&quot;,&quot;right&quot;:&quot;&quot;,&quot;bottom&quot;:&quot;&quot;,&quot;left&quot;:&quot;&quot;,&quot;isLinked&quot;:true}}\" data-widget_type=\"shina_house_card.default\">\n\t\t\t\t<div class=\"elementor-widget-container\">\n\t\t\t\t\t\r\n    \r\r\n    <!--Houses Section-->\r\r\n    <section class=\"houses-section p-0 m-0\">\r\r\n    \t<!--House Block-->\r\r\n        <div class=\"house-block\">\r\r\n            <div class=\"inner-box\">\r\r\n                <div class=\"image\">\r\r\n                    \r\n                    <img decoding=\"async\" src=\"https:\/\/grupodesarrolladorgrvs.com\/wp-content\/uploads\/2025\/08\/kalm.png\" alt=\"Awesome Image\" \/>\r\r\n                    \r\n                    <div class=\"overlay-box\">\r\r\n                        <div class=\"overlay-inner\">\r\r\n                            \r\n                            <div class=\"content\">\r\r\n                                <h3>KALM<\/h3>\r\r\n                            <\/div>\r\r\n                            \r\n                            \r\n                            <a class=\"purchased sh-thm-btn\" href=\"https:\/\/grupodesarrolladorgrvs.com\/en\/property\/kalm\/\" target=\"_blank\" rel=\"nofollow\">Ver m\u00e1s<\/a>\r\r\n                            \r\n                        <\/div>\r\r\n                    <\/div>\r\r\n                <\/div>\r\r\n            <\/div>\r\r\n        <\/div>\r\r\n\t<\/section>\r\r\n\t   \r\r\n    \t\t\t\t<\/div>\n\t\t\t\t<\/div>\n\t\t\t\t\t<\/div>\n\t\t<\/div>\n\t\t\t\t<div class=\"elementor-column elementor-col-33 elementor-inner-column elementor-element elementor-element-57586ac\" data-id=\"57586ac\" data-element_type=\"column\">\n\t\t\t<div class=\"elementor-widget-wrap elementor-element-populated\">\n\t\t\t\t\t\t<div class=\"elementor-element elementor-element-f894ff7 elementor-widget elementor-widget-shina_house_card\" data-id=\"f894ff7\" data-element_type=\"widget\" data-settings=\"{&quot;btn_padding&quot;:{&quot;unit&quot;:&quot;px&quot;,&quot;top&quot;:&quot;&quot;,&quot;right&quot;:&quot;&quot;,&quot;bottom&quot;:&quot;&quot;,&quot;left&quot;:&quot;&quot;,&quot;isLinked&quot;:true},&quot;btn_padding_tablet&quot;:{&quot;unit&quot;:&quot;px&quot;,&quot;top&quot;:&quot;&quot;,&quot;right&quot;:&quot;&quot;,&quot;bottom&quot;:&quot;&quot;,&quot;left&quot;:&quot;&quot;,&quot;isLinked&quot;:true},&quot;btn_padding_mobile&quot;:{&quot;unit&quot;:&quot;px&quot;,&quot;top&quot;:&quot;&quot;,&quot;right&quot;:&quot;&quot;,&quot;bottom&quot;:&quot;&quot;,&quot;left&quot;:&quot;&quot;,&quot;isLinked&quot;:true}}\" data-widget_type=\"shina_house_card.default\">\n\t\t\t\t<div class=\"elementor-widget-container\">\n\t\t\t\t\t\r\n    \r\r\n    <!--Houses Section-->\r\r\n    <section class=\"houses-section p-0 m-0\">\r\r\n    \t<!--House Block-->\r\r\n        <div class=\"house-block\">\r\r\n            <div class=\"inner-box\">\r\r\n                <div class=\"image\">\r\r\n                    \r\n                    <img decoding=\"async\" src=\"https:\/\/grupodesarrolladorgrvs.com\/wp-content\/uploads\/2025\/08\/img_e3.png\" alt=\"Awesome Image\" \/>\r\r\n                    \r\n                    <div class=\"overlay-box\">\r\r\n                        <div class=\"overlay-inner\">\r\r\n                            \r\n                            <div class=\"content\">\r\r\n                                <h3>kalm 401<\/h3>\r\r\n                            <\/div>\r\r\n                            \r\n                            \r\n                            <a class=\"purchased sh-thm-btn\" href=\"https:\/\/grupodesarrolladorgrvs.com\/en\/property\/kalm-401\/\" target=\"_blank\" rel=\"nofollow\">Ver m\u00e1s<\/a>\r\r\n                            \r\n                        <\/div>\r\r\n                    <\/div>\r\r\n                <\/div>\r\r\n            <\/div>\r\r\n        <\/div>\r\r\n\t<\/section>\r\r\n\t   \r\r\n    \t\t\t\t<\/div>\n\t\t\t\t<\/div>\n\t\t\t\t\t<\/div>\n\t\t<\/div>\n\t\t\t\t\t<\/div>\n\t\t<\/section>\n\t\t\t\t\t<\/div>\n\t\t<\/div>\n\t\t\t\t\t<\/div>\n\t\t<\/section>\n\t\t\t\t<\/div>","protected":false},"excerpt":{"rendered":"<p>Propiedades Terminadas Costa Rican Tower Ver m\u00e1s VREDE Ver m\u00e1s LOFF-77 Ver m\u00e1s SERD\u00c1N Ver m\u00e1s KALM Ver m\u00e1s kalm 401 Ver m\u00e1s<\/p>","protected":false},"author":1,"featured_media":0,"parent":0,"menu_order":0,"comment_status":"closed","ping_status":"closed","template":"","meta":{"footnotes":""},"class_list":["post-4458","page","type-page","status-publish","hentry"],"yoast_head":"<!-- This site is optimized with the Yoast SEO plugin v26.4 - https:\/\/yoast.com\/wordpress\/plugins\/seo\/ -->\n<title>Propiedades terminadas - GRVS<\/title>\n<meta name=\"robots\" content=\"index, follow, max-snippet:-1, max-image-preview:large, max-video-preview:-1\" \/>\n<link rel=\"canonical\" href=\"https:\/\/grupodesarrolladorgrvs.com\/en\/propiedades-terminadas\/\" \/>\n<meta property=\"og:locale\" content=\"en_US\" \/>\n<meta property=\"og:type\" content=\"article\" \/>\n<meta property=\"og:title\" content=\"Propiedades terminadas - GRVS\" \/>\n<meta property=\"og:description\" content=\"Propiedades Terminadas Costa Rican Tower Ver m\u00e1s VREDE Ver m\u00e1s LOFF-77 Ver m\u00e1s SERD\u00c1N Ver m\u00e1s KALM Ver m\u00e1s kalm 401 Ver m\u00e1s\" \/>\n<meta property=\"og:url\" content=\"https:\/\/grupodesarrolladorgrvs.com\/en\/propiedades-terminadas\/\" \/>\n<meta property=\"og:site_name\" content=\"GRVS\" \/>\n<meta property=\"article:modified_time\" content=\"2025-11-27T15:46:53+00:00\" \/>\n<meta property=\"og:image\" content=\"https:\/\/grupodesarrolladorgrvs.com\/wp-content\/uploads\/2025\/08\/CRT_1.jpeg\" \/>\n<meta name=\"twitter:card\" content=\"summary_large_image\" \/>\n<script type=\"application\/ld+json\" class=\"yoast-schema-graph\">{\"@context\":\"https:\/\/schema.org\",\"@graph\":[{\"@type\":\"WebPage\",\"@id\":\"https:\/\/grupodesarrolladorgrvs.com\/propiedades-terminadas\/\",\"url\":\"https:\/\/grupodesarrolladorgrvs.com\/propiedades-terminadas\/\",\"name\":\"Propiedades terminadas - GRVS\",\"isPartOf\":{\"@id\":\"https:\/\/grupodesarrolladorgrvs.com\/#website\"},\"primaryImageOfPage\":{\"@id\":\"https:\/\/grupodesarrolladorgrvs.com\/propiedades-terminadas\/#primaryimage\"},\"image\":{\"@id\":\"https:\/\/grupodesarrolladorgrvs.com\/propiedades-terminadas\/#primaryimage\"},\"thumbnailUrl\":\"https:\/\/grupodesarrolladorgrvs.com\/wp-content\/uploads\/2025\/08\/CRT_1.jpeg\",\"datePublished\":\"2025-08-14T14:31:22+00:00\",\"dateModified\":\"2025-11-27T15:46:53+00:00\",\"breadcrumb\":{\"@id\":\"https:\/\/grupodesarrolladorgrvs.com\/propiedades-terminadas\/#breadcrumb\"},\"inLanguage\":\"en-US\",\"potentialAction\":[{\"@type\":\"ReadAction\",\"target\":[\"https:\/\/grupodesarrolladorgrvs.com\/propiedades-terminadas\/\"]}]},{\"@type\":\"ImageObject\",\"inLanguage\":\"en-US\",\"@id\":\"https:\/\/grupodesarrolladorgrvs.com\/propiedades-terminadas\/#primaryimage\",\"url\":\"https:\/\/grupodesarrolladorgrvs.com\/wp-content\/uploads\/2025\/08\/CRT_1.jpeg\",\"contentUrl\":\"https:\/\/grupodesarrolladorgrvs.com\/wp-content\/uploads\/2025\/08\/CRT_1.jpeg\"},{\"@type\":\"BreadcrumbList\",\"@id\":\"https:\/\/grupodesarrolladorgrvs.com\/propiedades-terminadas\/#breadcrumb\",\"itemListElement\":[{\"@type\":\"ListItem\",\"position\":1,\"name\":\"Portada\",\"item\":\"https:\/\/grupodesarrolladorgrvs.com\/\"},{\"@type\":\"ListItem\",\"position\":2,\"name\":\"Propiedades terminadas\"}]},{\"@type\":\"WebSite\",\"@id\":\"https:\/\/grupodesarrolladorgrvs.com\/#website\",\"url\":\"https:\/\/grupodesarrolladorgrvs.com\/\",\"name\":\"GRVS\",\"description\":\"Grupo Residencial Verticalmente Sustentable\",\"publisher\":{\"@id\":\"https:\/\/grupodesarrolladorgrvs.com\/#organization\"},\"potentialAction\":[{\"@type\":\"SearchAction\",\"target\":{\"@type\":\"EntryPoint\",\"urlTemplate\":\"https:\/\/grupodesarrolladorgrvs.com\/?s={search_term_string}\"},\"query-input\":{\"@type\":\"PropertyValueSpecification\",\"valueRequired\":true,\"valueName\":\"search_term_string\"}}],\"inLanguage\":\"en-US\"},{\"@type\":\"Organization\",\"@id\":\"https:\/\/grupodesarrolladorgrvs.com\/#organization\",\"name\":\"GRVS\",\"url\":\"https:\/\/grupodesarrolladorgrvs.com\/\",\"logo\":{\"@type\":\"ImageObject\",\"inLanguage\":\"en-US\",\"@id\":\"https:\/\/grupodesarrolladorgrvs.com\/#\/schema\/logo\/image\/\",\"url\":\"https:\/\/grupodesarrolladorgrvs.com\/wp-content\/uploads\/2025\/08\/cropped-Screenshot-from-2025-08-06-10-52-48.png\",\"contentUrl\":\"https:\/\/grupodesarrolladorgrvs.com\/wp-content\/uploads\/2025\/08\/cropped-Screenshot-from-2025-08-06-10-52-48.png\",\"width\":380,\"height\":250,\"caption\":\"GRVS\"},\"image\":{\"@id\":\"https:\/\/grupodesarrolladorgrvs.com\/#\/schema\/logo\/image\/\"}}]}<\/script>\n<!-- \/ Yoast SEO plugin. -->","yoast_head_json":{"title":"Propiedades terminadas - GRVS","robots":{"index":"index","follow":"follow","max-snippet":"max-snippet:-1","max-image-preview":"max-image-preview:large","max-video-preview":"max-video-preview:-1"},"canonical":"https:\/\/grupodesarrolladorgrvs.com\/en\/propiedades-terminadas\/","og_locale":"en_US","og_type":"article","og_title":"Propiedades terminadas - GRVS","og_description":"Propiedades Terminadas Costa Rican Tower Ver m\u00e1s VREDE Ver m\u00e1s LOFF-77 Ver m\u00e1s SERD\u00c1N Ver m\u00e1s KALM Ver m\u00e1s kalm 401 Ver m\u00e1s","og_url":"https:\/\/grupodesarrolladorgrvs.com\/en\/propiedades-terminadas\/","og_site_name":"GRVS","article_modified_time":"2025-11-27T15:46:53+00:00","og_image":[{"url":"https:\/\/grupodesarrolladorgrvs.com\/wp-content\/uploads\/2025\/08\/CRT_1.jpeg","type":"","width":"","height":""}],"twitter_card":"summary_large_image","schema":{"@context":"https:\/\/schema.org","@graph":[{"@type":"WebPage","@id":"https:\/\/grupodesarrolladorgrvs.com\/propiedades-terminadas\/","url":"https:\/\/grupodesarrolladorgrvs.com\/propiedades-terminadas\/","name":"Propiedades terminadas - GRVS","isPartOf":{"@id":"https:\/\/grupodesarrolladorgrvs.com\/#website"},"primaryImageOfPage":{"@id":"https:\/\/grupodesarrolladorgrvs.com\/propiedades-terminadas\/#primaryimage"},"image":{"@id":"https:\/\/grupodesarrolladorgrvs.com\/propiedades-terminadas\/#primaryimage"},"thumbnailUrl":"https:\/\/grupodesarrolladorgrvs.com\/wp-content\/uploads\/2025\/08\/CRT_1.jpeg","datePublished":"2025-08-14T14:31:22+00:00","dateModified":"2025-11-27T15:46:53+00:00","breadcrumb":{"@id":"https:\/\/grupodesarrolladorgrvs.com\/propiedades-terminadas\/#breadcrumb"},"inLanguage":"en-US","potentialAction":[{"@type":"ReadAction","target":["https:\/\/grupodesarrolladorgrvs.com\/propiedades-terminadas\/"]}]},{"@type":"ImageObject","inLanguage":"en-US","@id":"https:\/\/grupodesarrolladorgrvs.com\/propiedades-terminadas\/#primaryimage","url":"https:\/\/grupodesarrolladorgrvs.com\/wp-content\/uploads\/2025\/08\/CRT_1.jpeg","contentUrl":"https:\/\/grupodesarrolladorgrvs.com\/wp-content\/uploads\/2025\/08\/CRT_1.jpeg"},{"@type":"BreadcrumbList","@id":"https:\/\/grupodesarrolladorgrvs.com\/propiedades-terminadas\/#breadcrumb","itemListElement":[{"@type":"ListItem","position":1,"name":"Portada","item":"https:\/\/grupodesarrolladorgrvs.com\/"},{"@type":"ListItem","position":2,"name":"Propiedades terminadas"}]},{"@type":"WebSite","@id":"https:\/\/grupodesarrolladorgrvs.com\/#website","url":"https:\/\/grupodesarrolladorgrvs.com\/","name":"GRVS","description":"Grupo Residencial Verticalmente Sustentable","publisher":{"@id":"https:\/\/grupodesarrolladorgrvs.com\/#organization"},"potentialAction":[{"@type":"SearchAction","target":{"@type":"EntryPoint","urlTemplate":"https:\/\/grupodesarrolladorgrvs.com\/?s={search_term_string}"},"query-input":{"@type":"PropertyValueSpecification","valueRequired":true,"valueName":"search_term_string"}}],"inLanguage":"en-US"},{"@type":"Organization","@id":"https:\/\/grupodesarrolladorgrvs.com\/#organization","name":"GRVS","url":"https:\/\/grupodesarrolladorgrvs.com\/","logo":{"@type":"ImageObject","inLanguage":"en-US","@id":"https:\/\/grupodesarrolladorgrvs.com\/#\/schema\/logo\/image\/","url":"https:\/\/grupodesarrolladorgrvs.com\/wp-content\/uploads\/2025\/08\/cropped-Screenshot-from-2025-08-06-10-52-48.png","contentUrl":"https:\/\/grupodesarrolladorgrvs.com\/wp-content\/uploads\/2025\/08\/cropped-Screenshot-from-2025-08-06-10-52-48.png","width":380,"height":250,"caption":"GRVS"},"image":{"@id":"https:\/\/grupodesarrolladorgrvs.com\/#\/schema\/logo\/image\/"}}]}},"_links":{"self":[{"href":"https:\/\/grupodesarrolladorgrvs.com\/en\/wp-json\/wp\/v2\/pages\/4458","targetHints":{"allow":["GET"]}}],"collection":[{"href":"https:\/\/grupodesarrolladorgrvs.com\/en\/wp-json\/wp\/v2\/pages"}],"about":[{"href":"https:\/\/grupodesarrolladorgrvs.com\/en\/wp-json\/wp\/v2\/types\/page"}],"author":[{"embeddable":true,"href":"https:\/\/grupodesarrolladorgrvs.com\/en\/wp-json\/wp\/v2\/users\/1"}],"replies":[{"embeddable":true,"href":"https:\/\/grupodesarrolladorgrvs.com\/en\/wp-json\/wp\/v2\/comments?post=4458"}],"version-history":[{"count":34,"href":"https:\/\/grupodesarrolladorgrvs.com\/en\/wp-json\/wp\/v2\/pages\/4458\/revisions"}],"predecessor-version":[{"id":6425,"href":"https:\/\/grupodesarrolladorgrvs.com\/en\/wp-json\/wp\/v2\/pages\/4458\/revisions\/6425"}],"wp:attachment":[{"href":"https:\/\/grupodesarrolladorgrvs.com\/en\/wp-json\/wp\/v2\/media?parent=4458"}],"curies":[{"name":"wp","href":"https:\/\/api.w.org\/{rel}","templated":true}]}}