{"id":756,"date":"2023-05-02T07:08:43","date_gmt":"2023-05-02T07:08:43","guid":{"rendered":"https:\/\/wp1.yogsthemes.com\/wp\/shina\/?page_id=756"},"modified":"2025-09-17T21:40:32","modified_gmt":"2025-09-17T21:40:32","slug":"contacto","status":"publish","type":"page","link":"https:\/\/grupodesarrolladorgrvs.com\/en\/contacto\/","title":{"rendered":"Contacto"},"content":{"rendered":"<div data-elementor-type=\"wp-page\" data-elementor-id=\"756\" class=\"elementor elementor-756\">\n\t\t\t\t\t\t<section class=\"elementor-section elementor-top-section elementor-element elementor-element-f486759 elementor-section-full_width elementor-section-height-default elementor-section-height-default\" data-id=\"f486759\" data-element_type=\"section\">\n\t\t\t\t\t\t\t<div class=\"elementor-background-overlay\"><\/div>\n\t\t\t\t\t\t\t<div class=\"elementor-container elementor-column-gap-default\">\n\t\t\t\t\t<div class=\"elementor-column elementor-col-100 elementor-top-column elementor-element elementor-element-0749ebe\" data-id=\"0749ebe\" data-element_type=\"column\">\n\t\t\t<div class=\"elementor-widget-wrap elementor-element-populated\">\n\t\t\t\t\t\t<section class=\"elementor-section elementor-inner-section elementor-element elementor-element-f3f98d8 elementor-section-boxed elementor-section-height-default elementor-section-height-default\" data-id=\"f3f98d8\" data-element_type=\"section\">\n\t\t\t\t\t\t\t<div class=\"elementor-background-overlay\"><\/div>\n\t\t\t\t\t\t\t<div class=\"elementor-container elementor-column-gap-default\">\n\t\t\t\t\t<div class=\"elementor-column elementor-col-100 elementor-inner-column elementor-element elementor-element-df42622\" data-id=\"df42622\" data-element_type=\"column\">\n\t\t\t<div class=\"elementor-widget-wrap elementor-element-populated\">\n\t\t\t\t\t\t<div class=\"elementor-element elementor-element-86ac9f6 elementor-widget elementor-widget-shina_hero_title\" data-id=\"86ac9f6\" data-element_type=\"widget\" data-widget_type=\"shina_hero_title.default\">\n\t\t\t\t<div class=\"elementor-widget-container\">\n\t\t\t\t\t\r\n    \r\r\n    \r\r\n    <div class=\"sec-title te-box-title te-align centered\">\r\r\n        \r\n        <div class=\"title sh-subtitle\"><\/div>\r\n        \r\n        \r\r\n\t\t\r\n        <h2 class=\"sh-title shina-size-default\">CONT\u00c1CTANOS<\/h2>\r\n        \r\n        \r\r\n\t\t\r\n        <div class=\"separator\"><\/div>\r\r\n        \r\n    <\/div>\r\r\n    \r\n    \r\r\n    \t\t\t\t<\/div>\n\t\t\t\t<\/div>\n\t\t\t\t<div class=\"elementor-element elementor-element-81578a1 elementor-widget elementor-widget-shina_contact_form\" data-id=\"81578a1\" data-element_type=\"widget\" data-settings=\"{&quot;form_spacing&quot;:{&quot;unit&quot;:&quot;px&quot;,&quot;top&quot;:&quot;&quot;,&quot;right&quot;:&quot;&quot;,&quot;bottom&quot;:&quot;&quot;,&quot;left&quot;:&quot;&quot;,&quot;isLinked&quot;:true},&quot;form_spacing_tablet&quot;:{&quot;unit&quot;:&quot;px&quot;,&quot;top&quot;:&quot;&quot;,&quot;right&quot;:&quot;&quot;,&quot;bottom&quot;:&quot;&quot;,&quot;left&quot;:&quot;&quot;,&quot;isLinked&quot;:true},&quot;form_spacing_mobile&quot;:{&quot;unit&quot;:&quot;px&quot;,&quot;top&quot;:&quot;&quot;,&quot;right&quot;:&quot;&quot;,&quot;bottom&quot;:&quot;&quot;,&quot;left&quot;:&quot;&quot;,&quot;isLinked&quot;:true},&quot;form_padding&quot;:{&quot;unit&quot;:&quot;px&quot;,&quot;top&quot;:&quot;&quot;,&quot;right&quot;:&quot;&quot;,&quot;bottom&quot;:&quot;&quot;,&quot;left&quot;:&quot;&quot;,&quot;isLinked&quot;:true},&quot;form_padding_tablet&quot;:{&quot;unit&quot;:&quot;px&quot;,&quot;top&quot;:&quot;&quot;,&quot;right&quot;:&quot;&quot;,&quot;bottom&quot;:&quot;&quot;,&quot;left&quot;:&quot;&quot;,&quot;isLinked&quot;:true},&quot;form_padding_mobile&quot;:{&quot;unit&quot;:&quot;px&quot;,&quot;top&quot;:&quot;&quot;,&quot;right&quot;:&quot;&quot;,&quot;bottom&quot;:&quot;&quot;,&quot;left&quot;:&quot;&quot;,&quot;isLinked&quot;:true},&quot;btn_padding&quot;:{&quot;unit&quot;:&quot;px&quot;,&quot;top&quot;:&quot;&quot;,&quot;right&quot;:&quot;&quot;,&quot;bottom&quot;:&quot;&quot;,&quot;left&quot;:&quot;&quot;,&quot;isLinked&quot;:true},&quot;btn_padding_tablet&quot;:{&quot;unit&quot;:&quot;px&quot;,&quot;top&quot;:&quot;&quot;,&quot;right&quot;:&quot;&quot;,&quot;bottom&quot;:&quot;&quot;,&quot;left&quot;:&quot;&quot;,&quot;isLinked&quot;:true},&quot;btn_padding_mobile&quot;:{&quot;unit&quot;:&quot;px&quot;,&quot;top&quot;:&quot;&quot;,&quot;right&quot;:&quot;&quot;,&quot;bottom&quot;:&quot;&quot;,&quot;left&quot;:&quot;&quot;,&quot;isLinked&quot;:true}}\" data-widget_type=\"shina_contact_form.default\">\n\t\t\t\t<div class=\"elementor-widget-container\">\n\t\t\t\t\t\r\n    \r\r\n    <!--Contact Form-->\r\r\n    <div class=\"contact-form p-0 te-contact-form\">\r\r\n        <div id=\"contact-form\">\r\r\n            \n<div class=\"wpcf7 no-js\" id=\"wpcf7-f777-o1\" lang=\"en-US\" dir=\"ltr\" data-wpcf7-id=\"777\">\n<div class=\"screen-reader-response\"><p role=\"status\" aria-live=\"polite\" aria-atomic=\"true\"><\/p> <ul><\/ul><\/div>\n<form action=\"\/en\/wp-json\/wp\/v2\/pages\/756#wpcf7-f777-o1\" method=\"post\" class=\"wpcf7-form init\" aria-label=\"Contact form\" novalidate=\"novalidate\" data-status=\"init\" data-trp-original-action=\"\/en\/wp-json\/wp\/v2\/pages\/756#wpcf7-f777-o1\">\n<fieldset class=\"hidden-fields-container\"><input type=\"hidden\" name=\"_wpcf7\" value=\"777\" \/><input type=\"hidden\" name=\"_wpcf7_version\" value=\"6.1.3\" \/><input type=\"hidden\" name=\"_wpcf7_locale\" value=\"en_US\" \/><input type=\"hidden\" name=\"_wpcf7_unit_tag\" value=\"wpcf7-f777-o1\" \/><input type=\"hidden\" name=\"_wpcf7_container_post\" value=\"0\" \/><input type=\"hidden\" name=\"_wpcf7_posted_data_hash\" value=\"\" \/>\n<\/fieldset>\n<div class=\"row clearfix\">\n\t<div class=\"form-group col-md-6 col-sm-6 col-xs-12\">\n\t\t<p><span class=\"wpcf7-form-control-wrap\" data-name=\"text-26\"><input size=\"40\" maxlength=\"400\" class=\"wpcf7-form-control wpcf7-text wpcf7-validates-as-required\" aria-required=\"true\" aria-invalid=\"false\" placeholder=\"Nombre Completo\" value=\"\" type=\"text\" name=\"text-26\" \/><\/span>\n\t\t<\/p>\n\t<\/div>\n\t<div class=\"form-group col-md-6 col-sm-6 col-xs-12\">\n\t\t<p><span class=\"wpcf7-form-control-wrap\" data-name=\"email-486\"><input size=\"40\" maxlength=\"400\" class=\"wpcf7-form-control wpcf7-email wpcf7-validates-as-required wpcf7-text wpcf7-validates-as-email\" aria-required=\"true\" aria-invalid=\"false\" placeholder=\"Correo electr\u00f3nico\" value=\"\" type=\"email\" name=\"email-486\" \/><\/span>\n\t\t<\/p>\n\t<\/div>\n\t<div class=\"form-group col-md-6 col-sm-6 col-xs-12\">\n\t\t<p><span class=\"wpcf7-form-control-wrap\" data-name=\"Propiedad\"><select class=\"wpcf7-form-control wpcf7-select wpcf7-validates-as-required\" aria-required=\"true\" aria-invalid=\"false\" name=\"Propiedad\"><option value=\"Selecciona la propiedad de tu inter\u00e9s\">Selecciona la propiedad de tu inter\u00e9s<\/option><option value=\"Torre Residencial Verde Para\u00edso\">Torre Residencial Verde Para\u00edso<\/option><option value=\"Tr\u00f3pico 371\">Tr\u00f3pico 371<\/option><option value=\"Mayamar\">Mayamar<\/option><option value=\"Artee\">Artee<\/option><option value=\"Palmare\">Palmare<\/option><option value=\"Vrede\">Vrede<\/option><option value=\"Loft-77\">Loft-77<\/option><option value=\"Serd\u00e1n\">Serd\u00e1n<\/option><option value=\"Kalm\">Kalm<\/option><option value=\"Costa Rica Tower\">Costa Rica Tower<\/option><option value=\"Utopia Residential Tower\">Utopia Residential Tower<\/option><option value=\"Kalm 401\">Kalm 401<\/option><\/select><\/span>\n\t\t<\/p>\n\t<\/div>\n\t<div class=\"form-group col-md-6 col-sm-6 col-xs-12\">\n\t\t<p><span class=\"wpcf7-form-control-wrap\" data-name=\"text-28\"><input size=\"40\" maxlength=\"400\" class=\"wpcf7-form-control wpcf7-text wpcf7-validates-as-required\" aria-required=\"true\" aria-invalid=\"false\" placeholder=\"N\u00famero de tel\u00e9fono\" value=\"\" type=\"text\" name=\"text-28\" \/><\/span>\n\t\t<\/p>\n\t<\/div>\n\t<div class=\"form-group col-md-12 col-sm-12 col-xs-12\">\n\t\t<p><span class=\"wpcf7-form-control-wrap\" data-name=\"textarea-608\"><textarea cols=\"40\" rows=\"10\" maxlength=\"2000\" class=\"wpcf7-form-control wpcf7-textarea wpcf7-validates-as-required\" aria-required=\"true\" aria-invalid=\"false\" placeholder=\"Mensaje\" name=\"textarea-608\"><\/textarea><\/span>\n\t\t<\/p>\n\t<\/div>\n\t<div class=\"form-group text-center col-md-12 col-sm-12 col-xs-12\">\n\t\t<p><button type=\"submit\" class=\"theme-btn btn-style-three\">Enviar <span class=\"icon flaticon-send-message-button\"><\/span><\/button>\n\t\t<\/p>\n\t<\/div>\n<\/div><div class=\"wpcf7-response-output\" aria-hidden=\"true\"><\/div>\n<input type=\"hidden\" name=\"trp-form-language\" value=\"en\"\/><\/form>\n<\/div>\n\r\n        <\/div>\r\r\n    <\/div>\r\r\n    <!--End Contact Form-->\r\r\n        \r\r\n    \t\t\t\t<\/div>\n\t\t\t\t<\/div>\n\t\t\t\t\t<\/div>\n\t\t<\/div>\n\t\t\t\t\t<\/div>\n\t\t<\/section>\n\t\t\t\t\t<\/div>\n\t\t<\/div>\n\t\t\t\t\t<\/div>\n\t\t<\/section>\n\t\t\t\t<section class=\"elementor-section elementor-top-section elementor-element elementor-element-c7fe615 elementor-section-full_width elementor-section-height-default elementor-section-height-default\" data-id=\"c7fe615\" data-element_type=\"section\">\n\t\t\t\t\t\t<div class=\"elementor-container elementor-column-gap-default\">\n\t\t\t\t\t<div class=\"elementor-column elementor-col-100 elementor-top-column elementor-element elementor-element-67487b6\" data-id=\"67487b6\" data-element_type=\"column\">\n\t\t\t<div class=\"elementor-widget-wrap elementor-element-populated\">\n\t\t\t\t\t\t<div class=\"elementor-element elementor-element-855d444 elementor-widget elementor-widget-shina_partner_carousel\" data-id=\"855d444\" data-element_type=\"widget\" data-settings=\"{&quot;shina_layout_margin&quot;:{&quot;unit&quot;:&quot;px&quot;,&quot;top&quot;:&quot;&quot;,&quot;right&quot;:&quot;&quot;,&quot;bottom&quot;:&quot;&quot;,&quot;left&quot;:&quot;&quot;,&quot;isLinked&quot;:true},&quot;shina_layout_margin_tablet&quot;:{&quot;unit&quot;:&quot;px&quot;,&quot;top&quot;:&quot;&quot;,&quot;right&quot;:&quot;&quot;,&quot;bottom&quot;:&quot;&quot;,&quot;left&quot;:&quot;&quot;,&quot;isLinked&quot;:true},&quot;shina_layout_margin_mobile&quot;:{&quot;unit&quot;:&quot;px&quot;,&quot;top&quot;:&quot;&quot;,&quot;right&quot;:&quot;&quot;,&quot;bottom&quot;:&quot;&quot;,&quot;left&quot;:&quot;&quot;,&quot;isLinked&quot;:true},&quot;shina_layout_padding&quot;:{&quot;unit&quot;:&quot;px&quot;,&quot;top&quot;:&quot;&quot;,&quot;right&quot;:&quot;&quot;,&quot;bottom&quot;:&quot;&quot;,&quot;left&quot;:&quot;&quot;,&quot;isLinked&quot;:true},&quot;shina_layout_padding_tablet&quot;:{&quot;unit&quot;:&quot;px&quot;,&quot;top&quot;:&quot;&quot;,&quot;right&quot;:&quot;&quot;,&quot;bottom&quot;:&quot;&quot;,&quot;left&quot;:&quot;&quot;,&quot;isLinked&quot;:true},&quot;shina_layout_padding_mobile&quot;:{&quot;unit&quot;:&quot;px&quot;,&quot;top&quot;:&quot;&quot;,&quot;right&quot;:&quot;&quot;,&quot;bottom&quot;:&quot;&quot;,&quot;left&quot;:&quot;&quot;,&quot;isLinked&quot;:true}}\" data-widget_type=\"shina_partner_carousel.default\">\n\t\t\t\t<div class=\"elementor-widget-container\">\n\t\t\t\t\t    \r\n    <!--Clients Section-->\r\n    <section class=\"clients-section\">\r\n        <div class=\"auto-container\">\r\n            \r\n            <div class=\"sponsors-outer\">\r\n                <!--Sponsors Carousel-->\r\n                <ul class=\"sponsors-carousel owl-carousel owl-theme owl-dots-none nav-style-two\" id=\"shina-clients-slider\" data-slider=\"{&quot;infinite&quot;:true,&quot;autoplay&quot;:true,&quot;autoplaySpeed&quot;:&quot;2500&quot;,&quot;dots&quot;:false,&quot;nav&quot;:true,&quot;item_gap&quot;:30}\">\r\n                                                            <li class=\"slide-item\"><figure class=\"image-box\"><a href=\"#\"><img decoding=\"async\" src=\"https:\/\/grupodesarrolladorgrvs.com\/wp-content\/uploads\/2023\/04\/1.png\" alt=\"Awesome Image\"><\/a><\/figure><\/li>\r\n                                                            <li class=\"slide-item\"><figure class=\"image-box\"><a href=\"#\"><img decoding=\"async\" src=\"https:\/\/grupodesarrolladorgrvs.com\/wp-content\/uploads\/2023\/04\/2.png\" alt=\"Awesome Image\"><\/a><\/figure><\/li>\r\n                                                            <li class=\"slide-item\"><figure class=\"image-box\"><a href=\"#\"><img decoding=\"async\" src=\"https:\/\/grupodesarrolladorgrvs.com\/wp-content\/uploads\/2023\/04\/3.png\" alt=\"Awesome Image\"><\/a><\/figure><\/li>\r\n                                                            <li class=\"slide-item\"><figure class=\"image-box\"><a href=\"#\"><img decoding=\"async\" src=\"https:\/\/grupodesarrolladorgrvs.com\/wp-content\/uploads\/2023\/04\/4.png\" alt=\"Awesome Image\"><\/a><\/figure><\/li>\r\n                                                            <li class=\"slide-item\"><figure class=\"image-box\"><a href=\"#\"><img decoding=\"async\" src=\"https:\/\/grupodesarrolladorgrvs.com\/wp-content\/uploads\/2023\/04\/5.png\" alt=\"Awesome Image\"><\/a><\/figure><\/li>\r\n                                    <\/ul>\r\n            <\/div>\r\n            \r\n        <\/div>\r\n    <\/section>\r\n    <!--End Clients Section-->\r\n\t\r\n    \t\t\t\t<\/div>\n\t\t\t\t<\/div>\n\t\t\t\t\t<\/div>\n\t\t<\/div>\n\t\t\t\t\t<\/div>\n\t\t<\/section>\n\t\t\t\t<\/div>","protected":false},"excerpt":{"rendered":"<p>CONT\u00c1CTANOS Selecciona la propiedad de tu inter\u00e9sTorre Residencial Verde Para\u00edsoTr\u00f3pico 371MayamarArteePalmareVredeLoft-77Serd\u00e1nKalmCosta Rica TowerUtopia Residential TowerKalm 401 Enviar<\/p>","protected":false},"author":1,"featured_media":0,"parent":0,"menu_order":0,"comment_status":"closed","ping_status":"closed","template":"tpl-default-elementor.php","meta":{"footnotes":""},"class_list":["post-756","page","type-page","status-publish","hentry"],"yoast_head":"<!-- This site is optimized with the Yoast SEO plugin v26.4 - https:\/\/yoast.com\/wordpress\/plugins\/seo\/ -->\n<title>Contacto - GRVS<\/title>\n<meta name=\"robots\" content=\"index, follow, max-snippet:-1, max-image-preview:large, max-video-preview:-1\" \/>\n<link rel=\"canonical\" href=\"https:\/\/grupodesarrolladorgrvs.com\/en\/contacto\/\" \/>\n<meta property=\"og:locale\" content=\"en_US\" \/>\n<meta property=\"og:type\" content=\"article\" \/>\n<meta property=\"og:title\" content=\"Contacto - GRVS\" \/>\n<meta property=\"og:description\" content=\"CONT\u00c1CTANOS Selecciona la propiedad de tu inter\u00e9sTorre Residencial Verde Para\u00edsoTr\u00f3pico 371MayamarArteePalmareVredeLoft-77Serd\u00e1nKalmCosta Rica TowerUtopia Residential TowerKalm 401 Enviar\" \/>\n<meta property=\"og:url\" content=\"https:\/\/grupodesarrolladorgrvs.com\/en\/contacto\/\" \/>\n<meta property=\"og:site_name\" content=\"GRVS\" \/>\n<meta property=\"article:modified_time\" content=\"2025-09-17T21:40:32+00:00\" \/>\n<meta property=\"og:image\" content=\"https:\/\/grupodesarrolladorgrvs.com\/wp-content\/uploads\/2023\/04\/1.png\" \/>\n<meta name=\"twitter:card\" content=\"summary_large_image\" \/>\n<script type=\"application\/ld+json\" class=\"yoast-schema-graph\">{\"@context\":\"https:\/\/schema.org\",\"@graph\":[{\"@type\":\"WebPage\",\"@id\":\"https:\/\/grupodesarrolladorgrvs.com\/contacto\/\",\"url\":\"https:\/\/grupodesarrolladorgrvs.com\/contacto\/\",\"name\":\"Contacto - GRVS\",\"isPartOf\":{\"@id\":\"https:\/\/grupodesarrolladorgrvs.com\/#website\"},\"primaryImageOfPage\":{\"@id\":\"https:\/\/grupodesarrolladorgrvs.com\/contacto\/#primaryimage\"},\"image\":{\"@id\":\"https:\/\/grupodesarrolladorgrvs.com\/contacto\/#primaryimage\"},\"thumbnailUrl\":\"https:\/\/grupodesarrolladorgrvs.com\/wp-content\/uploads\/2023\/04\/1.png\",\"datePublished\":\"2023-05-02T07:08:43+00:00\",\"dateModified\":\"2025-09-17T21:40:32+00:00\",\"breadcrumb\":{\"@id\":\"https:\/\/grupodesarrolladorgrvs.com\/contacto\/#breadcrumb\"},\"inLanguage\":\"en-US\",\"potentialAction\":[{\"@type\":\"ReadAction\",\"target\":[\"https:\/\/grupodesarrolladorgrvs.com\/contacto\/\"]}]},{\"@type\":\"ImageObject\",\"inLanguage\":\"en-US\",\"@id\":\"https:\/\/grupodesarrolladorgrvs.com\/contacto\/#primaryimage\",\"url\":\"https:\/\/grupodesarrolladorgrvs.com\/wp-content\/uploads\/2023\/04\/1.png\",\"contentUrl\":\"https:\/\/grupodesarrolladorgrvs.com\/wp-content\/uploads\/2023\/04\/1.png\"},{\"@type\":\"BreadcrumbList\",\"@id\":\"https:\/\/grupodesarrolladorgrvs.com\/contacto\/#breadcrumb\",\"itemListElement\":[{\"@type\":\"ListItem\",\"position\":1,\"name\":\"Portada\",\"item\":\"https:\/\/grupodesarrolladorgrvs.com\/\"},{\"@type\":\"ListItem\",\"position\":2,\"name\":\"Contacto\"}]},{\"@type\":\"WebSite\",\"@id\":\"https:\/\/grupodesarrolladorgrvs.com\/#website\",\"url\":\"https:\/\/grupodesarrolladorgrvs.com\/\",\"name\":\"GRVS\",\"description\":\"Grupo Residencial Verticalmente Sustentable\",\"publisher\":{\"@id\":\"https:\/\/grupodesarrolladorgrvs.com\/#organization\"},\"potentialAction\":[{\"@type\":\"SearchAction\",\"target\":{\"@type\":\"EntryPoint\",\"urlTemplate\":\"https:\/\/grupodesarrolladorgrvs.com\/?s={search_term_string}\"},\"query-input\":{\"@type\":\"PropertyValueSpecification\",\"valueRequired\":true,\"valueName\":\"search_term_string\"}}],\"inLanguage\":\"en-US\"},{\"@type\":\"Organization\",\"@id\":\"https:\/\/grupodesarrolladorgrvs.com\/#organization\",\"name\":\"GRVS\",\"url\":\"https:\/\/grupodesarrolladorgrvs.com\/\",\"logo\":{\"@type\":\"ImageObject\",\"inLanguage\":\"en-US\",\"@id\":\"https:\/\/grupodesarrolladorgrvs.com\/#\/schema\/logo\/image\/\",\"url\":\"https:\/\/grupodesarrolladorgrvs.com\/wp-content\/uploads\/2025\/08\/cropped-Screenshot-from-2025-08-06-10-52-48.png\",\"contentUrl\":\"https:\/\/grupodesarrolladorgrvs.com\/wp-content\/uploads\/2025\/08\/cropped-Screenshot-from-2025-08-06-10-52-48.png\",\"width\":380,\"height\":250,\"caption\":\"GRVS\"},\"image\":{\"@id\":\"https:\/\/grupodesarrolladorgrvs.com\/#\/schema\/logo\/image\/\"}}]}<\/script>\n<!-- \/ Yoast SEO plugin. -->","yoast_head_json":{"title":"Contacto - GRVS","robots":{"index":"index","follow":"follow","max-snippet":"max-snippet:-1","max-image-preview":"max-image-preview:large","max-video-preview":"max-video-preview:-1"},"canonical":"https:\/\/grupodesarrolladorgrvs.com\/en\/contacto\/","og_locale":"en_US","og_type":"article","og_title":"Contacto - GRVS","og_description":"CONT\u00c1CTANOS Selecciona la propiedad de tu inter\u00e9sTorre Residencial Verde Para\u00edsoTr\u00f3pico 371MayamarArteePalmareVredeLoft-77Serd\u00e1nKalmCosta Rica TowerUtopia Residential TowerKalm 401 Enviar","og_url":"https:\/\/grupodesarrolladorgrvs.com\/en\/contacto\/","og_site_name":"GRVS","article_modified_time":"2025-09-17T21:40:32+00:00","og_image":[{"url":"https:\/\/grupodesarrolladorgrvs.com\/wp-content\/uploads\/2023\/04\/1.png","type":"","width":"","height":""}],"twitter_card":"summary_large_image","schema":{"@context":"https:\/\/schema.org","@graph":[{"@type":"WebPage","@id":"https:\/\/grupodesarrolladorgrvs.com\/contacto\/","url":"https:\/\/grupodesarrolladorgrvs.com\/contacto\/","name":"Contacto - GRVS","isPartOf":{"@id":"https:\/\/grupodesarrolladorgrvs.com\/#website"},"primaryImageOfPage":{"@id":"https:\/\/grupodesarrolladorgrvs.com\/contacto\/#primaryimage"},"image":{"@id":"https:\/\/grupodesarrolladorgrvs.com\/contacto\/#primaryimage"},"thumbnailUrl":"https:\/\/grupodesarrolladorgrvs.com\/wp-content\/uploads\/2023\/04\/1.png","datePublished":"2023-05-02T07:08:43+00:00","dateModified":"2025-09-17T21:40:32+00:00","breadcrumb":{"@id":"https:\/\/grupodesarrolladorgrvs.com\/contacto\/#breadcrumb"},"inLanguage":"en-US","potentialAction":[{"@type":"ReadAction","target":["https:\/\/grupodesarrolladorgrvs.com\/contacto\/"]}]},{"@type":"ImageObject","inLanguage":"en-US","@id":"https:\/\/grupodesarrolladorgrvs.com\/contacto\/#primaryimage","url":"https:\/\/grupodesarrolladorgrvs.com\/wp-content\/uploads\/2023\/04\/1.png","contentUrl":"https:\/\/grupodesarrolladorgrvs.com\/wp-content\/uploads\/2023\/04\/1.png"},{"@type":"BreadcrumbList","@id":"https:\/\/grupodesarrolladorgrvs.com\/contacto\/#breadcrumb","itemListElement":[{"@type":"ListItem","position":1,"name":"Portada","item":"https:\/\/grupodesarrolladorgrvs.com\/"},{"@type":"ListItem","position":2,"name":"Contacto"}]},{"@type":"WebSite","@id":"https:\/\/grupodesarrolladorgrvs.com\/#website","url":"https:\/\/grupodesarrolladorgrvs.com\/","name":"GRVS","description":"Grupo Residencial Verticalmente Sustentable","publisher":{"@id":"https:\/\/grupodesarrolladorgrvs.com\/#organization"},"potentialAction":[{"@type":"SearchAction","target":{"@type":"EntryPoint","urlTemplate":"https:\/\/grupodesarrolladorgrvs.com\/?s={search_term_string}"},"query-input":{"@type":"PropertyValueSpecification","valueRequired":true,"valueName":"search_term_string"}}],"inLanguage":"en-US"},{"@type":"Organization","@id":"https:\/\/grupodesarrolladorgrvs.com\/#organization","name":"GRVS","url":"https:\/\/grupodesarrolladorgrvs.com\/","logo":{"@type":"ImageObject","inLanguage":"en-US","@id":"https:\/\/grupodesarrolladorgrvs.com\/#\/schema\/logo\/image\/","url":"https:\/\/grupodesarrolladorgrvs.com\/wp-content\/uploads\/2025\/08\/cropped-Screenshot-from-2025-08-06-10-52-48.png","contentUrl":"https:\/\/grupodesarrolladorgrvs.com\/wp-content\/uploads\/2025\/08\/cropped-Screenshot-from-2025-08-06-10-52-48.png","width":380,"height":250,"caption":"GRVS"},"image":{"@id":"https:\/\/grupodesarrolladorgrvs.com\/#\/schema\/logo\/image\/"}}]}},"_links":{"self":[{"href":"https:\/\/grupodesarrolladorgrvs.com\/en\/wp-json\/wp\/v2\/pages\/756","targetHints":{"allow":["GET"]}}],"collection":[{"href":"https:\/\/grupodesarrolladorgrvs.com\/en\/wp-json\/wp\/v2\/pages"}],"about":[{"href":"https:\/\/grupodesarrolladorgrvs.com\/en\/wp-json\/wp\/v2\/types\/page"}],"author":[{"embeddable":true,"href":"https:\/\/grupodesarrolladorgrvs.com\/en\/wp-json\/wp\/v2\/users\/1"}],"replies":[{"embeddable":true,"href":"https:\/\/grupodesarrolladorgrvs.com\/en\/wp-json\/wp\/v2\/comments?post=756"}],"version-history":[{"count":53,"href":"https:\/\/grupodesarrolladorgrvs.com\/en\/wp-json\/wp\/v2\/pages\/756\/revisions"}],"predecessor-version":[{"id":5369,"href":"https:\/\/grupodesarrolladorgrvs.com\/en\/wp-json\/wp\/v2\/pages\/756\/revisions\/5369"}],"wp:attachment":[{"href":"https:\/\/grupodesarrolladorgrvs.com\/en\/wp-json\/wp\/v2\/media?parent=756"}],"curies":[{"name":"wp","href":"https:\/\/api.w.org\/{rel}","templated":true}]}}