{"id":839,"date":"2023-08-17T13:52:41","date_gmt":"2023-08-17T13:52:41","guid":{"rendered":"https:\/\/wp1.yogsthemes.com\/wp\/shina\/advanced-search\/"},"modified":"2023-08-17T13:52:41","modified_gmt":"2023-08-17T13:52:41","slug":"advanced-search","status":"publish","type":"page","link":"https:\/\/grupodesarrolladorgrvs.com\/en\/advanced-search\/","title":{"rendered":"Advanced Search"},"content":{"rendered":"<div class=\"ere-advanced-search-wrap ere-property-wrap shina-property__wrap\">\r\n    <div class=\"ere_property-advanced-search-form-wrap shina-ad-search\">\r\n    <div data-options=\"{&quot;ajax_url&quot;:&quot;\\\/wp-admin\\\/admin-ajax.php&quot;,&quot;price_is_slider&quot;:&quot;false&quot;,&quot;enable_filter_location&quot;:&quot;1&quot;}\" class=\"ere-property-advanced-search clearfix tab color-dark\">\n    <div class=\"form-search-wrap has-status-tab\">\r\n    <div class=\"form-search-inner\">\r\n        <div class=\"ere-search-content\">\r\n            <div data-href=\"\" class=\"search-properties-form\">\r\n                                    <div class=\"ere-search-status-tab\">\r\n    <div class=\"ere-search-status-tab-inner\">\r\n        <input class=\"search-field\" type='hidden' name=\"status\" value=\"propiedades-para-invertir\" data-default-value=\"\"\/>\r\n                                <button type=\"button\" data-value=\"propiedades-para-invertir\" class=\"btn-status-filter active\">Propiedades para invertir<\/button>\r\n                                <button type=\"button\" data-value=\"en-proceso-de-construccion\" class=\"btn-status-filter\">En proceso de construcci\u00f3n<\/button>\r\n                                <button type=\"button\" data-value=\"propiedades-terminadas\" class=\"btn-status-filter\">Propiedades terminadas<\/button>\r\n            <\/div>\r\n<\/div>                                <div class=\"form-search te-from-wrap\">\r\n                    <div class=\"row\">\r\n                        <div class=\"col-lg-4 col-md-6 col-12 form-group\">\r\n    <select name=\"city\" class=\"ere-property-city-ajax search-field form-control\" title=\"Cities\" data-selected=\"\" data-default-value=\"\">\r\n        <option value=\"aguascalientes\">Aguascalientes<\/option><option value=\"baja-california\">Baja California<\/option><option value=\"baja-california-sur\">Baja California Sur<\/option><option value=\"chiapas\">Chiapas<\/option><option value=\"chihuahua\">Chihuahua<\/option><option value=\"ciudad-de-mexico\">Ciudad de M\u00e9xico<\/option><option value=\"coahuila\">Coahuila<\/option><option value=\"colima\">Colima<\/option><option value=\"durango\">Durango<\/option><option value=\"estado-de-mexico\">Estado de M\u00e9xico<\/option><option value=\"guanajuato\">Guanajuato<\/option><option value=\"guerrero\">Guerrero<\/option><option value=\"hidalgo\">Hidalgo<\/option><option value=\"jalisco\">Jalisco<\/option><option value=\"michoacan\">Michoac\u00e1n<\/option><option value=\"morelos\">Morelos<\/option><option value=\"nayarit\">Nayarit<\/option><option value=\"nuevo-leon\">Nuevo Le\u00f3n<\/option><option value=\"oaxaca\">Oaxaca<\/option><option value=\"puebla\">Puebla<\/option><option value=\"queretaro\">Quer\u00e9taro<\/option><option value=\"san-luis-potosi\">San Luis Potos\u00ed<\/option><option value=\"sinaloa\">Sinaloa<\/option><option value=\"sonora\">Sonora<\/option><option value=\"tabasco\">Tabasco<\/option><option value=\"tamaulipas\">Tamaulipas<\/option><option value=\"tlaxcala\">Tlaxcala<\/option><option value=\"veracruz\">Veracruz<\/option><option value=\"yucatan\">Yucat\u00e1n<\/option><option value=\"zacatecas\">Zacatecas<\/option>        <option value=\"\"  selected='selected'>\r\n            All Cities        <\/option>\r\n    <\/select>\r\n<\/div><div class=\"col-lg-4 col-md-6 col-12 form-group\">\r\n    <select name=\"bathrooms\" title=\"Property Bathrooms\"\r\n            class=\"search-field form-control\" data-default-value=\"\">\r\n        <option value=\"\">\r\n            Any Bathrooms        <\/option>\r\n\t    \t        \t\t\t    <option  value=\"1\">1<\/option>\r\n\t        \t\t\t    <option  value=\"2\">2<\/option>\r\n\t        \t\t\t    <option  value=\"3\">3<\/option>\r\n\t        \t\t\t    <option  value=\"4\">4<\/option>\r\n\t        \t\t\t    <option  value=\"5\">5<\/option>\r\n\t        \t\t\t    <option  value=\"6\">6<\/option>\r\n\t        \t\t\t    <option  value=\"7\">7<\/option>\r\n\t        \t\t\t    <option  value=\"8\">8<\/option>\r\n\t        \t\t\t    <option  value=\"9\">9<\/option>\r\n\t        \t\t\t    <option  value=\"10\">10<\/option>\r\n\t        \t        <\/select>\r\n<\/div>                                                    <div class=\"form-group col-lg-4 col-md-6 col-12 submit-search-form\">\r\n                                <button type=\"button\" class=\"ere-advanced-search-btn theme-btn search-btn\"><i class=\"fa fa-search\"><\/i>\r\n                                    Search                                <\/button>\r\n                            <\/div>\r\n                                            <\/div>\r\n                <\/div>\r\n            <\/div>\r\n        <\/div>\r\n    <\/div>\r\n<\/div><\/div>            <div class=\"advanced-saved-searches\">\r\n            <button type=\"button\" class=\"theme-btn btn-style-three btn-save-seach\" data-toggle=\"modal\" data-target=\"#ere_signin_modal\">\r\n                Save Search<span class=\"icon flaticon-add\"><\/span><\/button>\r\n        <\/div>\r\n        <div class=\"modal fade ere_save_search_modal\" id=\"ere_save_search_modal\" tabindex=\"-1\" role=\"dialog\"\n     aria-labelledby=\"SaveSearchModalLabel\">\n\t<div class=\"modal-dialog\" role=\"document\">\n\t\t<div class=\"modal-content\">\n\t\t\t<div class=\"modal-header\">\n\t\t\t\t<h5 class=\"modal-title mb-0\" id=\"SaveSearchModalLabel\">Saved Search<\/h5>\n                <button type=\"button\" class=\"close\" data-dismiss=\"modal\" aria-label=\"Close\"><span\n                            aria-hidden=\"true\">&times;<\/span><\/button>\n\t\t\t<\/div>\n\t\t\t<div class=\"modal-body\">\n\t\t\t\t<div class=\"alert alert-info\" role=\"alert\">\n\t\t\t\t\t<i class=\"fa fa-info-circle\"><\/i>\n\t\t\t\t\tWith Saved Search, You will receive an email notification whenever someone posts a new property that matches your saved search criteria.\t\t\t\t<\/div>\n\t\t\t\t<form id=\"ere_save_search_form\" method=\"post\" action=\"\">\n\t\t\t\t\t<div class=\"form-group\">\n\t\t\t\t\t\t<label for=\"ere_title\">Title<\/label>\n\t\t\t\t\t\t<input type=\"text\" name=\"ere_title\" id=\"ere_title\"\n\t\t\t\t\t\t       placeholder=\"Input title\"\n\t\t\t\t\t\t       class=\"form-control\"\n\t\t\t\t\t\t       value=\"\" aria-describedby=\"parameters\">\n\t\t\t\t\t\t<input type=\"hidden\" name=\"ere_params\"\n\t\t\t\t\t\t       value=\"U3RhdHVzOiA8c3Ryb25nPnByb3BpZWRhZGVzLXBhcmEtaW52ZXJ0aXI8L3N0cm9uZz4=\">\n\t\t\t\t\t\t<input type=\"hidden\" name=\"ere_query\"\n\t\t\t\t\t\t       value=\"YTo4OntzOjk6InBvc3RfdHlwZSI7czo4OiJwcm9wZXJ0eSI7czoxNDoicG9zdHNfcGVyX3BhZ2UiO3M6MjoiMTIiO3M6NToicGFnZWQiO2k6MTtzOjExOiJwb3N0X3N0YXR1cyI7czo3OiJwdWJsaXNoIjtzOjc6Im9yZGVyYnkiO2E6Mjp7czoxMDoibWVudV9vcmRlciI7czozOiJBU0MiO3M6NDoiZGF0ZSI7czo0OiJERVNDIjt9czoyMDoiZXJlX29yZGVyYnlfZmVhdHVyZWQiO2I6MTtzOjEwOiJtZXRhX3F1ZXJ5IjthOjE6e3M6ODoicmVsYXRpb24iO3M6MzoiQU5EIjt9czo5OiJ0YXhfcXVlcnkiO2E6Mjp7czo4OiJyZWxhdGlvbiI7czozOiJBTkQiO2k6MDthOjE6e2k6MDthOjM6e3M6ODoidGF4b25vbXkiO3M6MTU6InByb3BlcnR5LXN0YXR1cyI7czo1OiJmaWVsZCI7czo0OiJzbHVnIjtzOjU6InRlcm1zIjtzOjI1OiJwcm9waWVkYWRlcy1wYXJhLWludmVydGlyIjt9fX19\">\n\t\t\t\t\t\t<input type=\"hidden\" name=\"ere_url\" value=\"\/en\/wp-json\/wp\/v2\/pages\/839\">\n\t\t\t\t\t\t<input type=\"hidden\" name=\"action\" value='ere_save_search_ajax'>\n\t\t\t\t\t\t<input type=\"hidden\" name=\"ere_save_search_ajax\"\n\t\t\t\t\t\t       value=\"f93ad0e2f6\">\n\t\t\t\t\t\t<small id=\"parameters\" class=\"form-text text-muted\">\n                            Parameters: Status: <strong>propiedades-para-invertir<\/strong>                        <\/small>\n\t\t\t\t\t<\/div>\n\t\t\t\t<input type=\"hidden\" name=\"trp-form-language\" value=\"en\"\/><\/form>\n\t\t\t<\/div>\n\t\t\t<div class=\"modal-footer\">\n\t\t\t\t<button type=\"button\" class=\"btn btn-dark btn-default\"\n\t\t\t\t        data-dismiss=\"modal\">Close<\/button>\n\t\t\t\t<button data-ajax-url=\"\/wp-admin\/admin-ajax.php\" id=\"ere_save_search\"\n\t\t\t\t        class=\"btn btn-primary\"\n\t\t\t\t        type=\"button\">Save<\/button>\n\t\t\t<\/div>\n\t\t<\/div>\n\t<\/div>\n<\/div>    <\/div>\r\n    <div class=\"ere-archive-property\">\r\n        <div class=\"above-archive-property\">\r\n            <div class=\"shina-heading\">\r\n\t\t\t<div class=\"sec-title centered\">\r\n            <h2>Properties<sub>(1)<\/sub><\/h2>\r\n            <div class=\"separator\"><\/div>\r\n        <\/div>\r\n\t<\/div><div class=\"archive-property-action ere__archive-actions ere__archive-property-actions\">\r\n    <div class=\"ere__apa-item ere__apa-orderby dropdown\">\r\n    <a href=\"#\" class=\"dropdown-toggle\" data-toggle=\"dropdown\">\r\n        Sort By    <\/a>\r\n    <div class=\"dropdown-menu\">\r\n                    <a data-sortby=\"\" title=\"Default Order\" class=\"dropdown-item\" href=\"\/en\/wp-json\/wp\/v2\/pages\/839?sortby=default\">Default Order<\/a>\r\n                    <a data-sortby=\"\" title=\"Featured\" class=\"dropdown-item\" href=\"\/en\/wp-json\/wp\/v2\/pages\/839?sortby=featured\">Featured<\/a>\r\n                    <a data-sortby=\"\" title=\"Most Viewed\" class=\"dropdown-item\" href=\"\/en\/wp-json\/wp\/v2\/pages\/839?sortby=most_viewed\">Most Viewed<\/a>\r\n                    <a data-sortby=\"\" title=\"Price (Low to High)\" class=\"dropdown-item\" href=\"\/en\/wp-json\/wp\/v2\/pages\/839?sortby=a_price\">Price (Low to High)<\/a>\r\n                    <a data-sortby=\"\" title=\"Price (High to Low)\" class=\"dropdown-item\" href=\"\/en\/wp-json\/wp\/v2\/pages\/839?sortby=d_price\">Price (High to Low)<\/a>\r\n                    <a data-sortby=\"\" title=\"Date (Old to New)\" class=\"dropdown-item\" href=\"\/en\/wp-json\/wp\/v2\/pages\/839?sortby=a_date\">Date (Old to New)<\/a>\r\n                    <a data-sortby=\"\" title=\"Date (New to Old)\" class=\"dropdown-item\" href=\"\/en\/wp-json\/wp\/v2\/pages\/839?sortby=d_date\">Date (New to Old)<\/a>\r\n            <\/div>\r\n<\/div>\r\n<div class=\"ere__apa-item ere__apa-switch-layout\">\r\n    <div class=\"view-as\" data-admin-url=\"\/wp-admin\/admin-ajax.php\">\r\n                    <span data-view-as=\"property-list\" class=\"view-as-list\" title=\"View as List\">\r\n                        <i class=\"fa fa-list-ul\"><\/i>\r\n                    <\/span>\r\n        <span data-view-as=\"property-grid\" class=\"view-as-grid\" title=\"View as Grid\">\r\n                        <i class=\"fa fa-th-large\"><\/i>\r\n                    <\/span>\r\n    <\/div>\r\n<\/div>\r\n<\/div>\r\n        <\/div>\r\n        <div class=\"ere-property clearfix property-grid col-gap-0 columns-3 columns-md-3 columns-sm-2 columns-xs-1 columns-mb-1\">\r\n            \r\n                    <div class=\"ere-item-wrap\">\r\n\t<div class=\"property-inner te-property-inner\">\r\n        <div class=\"property-image\">\r\n    <img fetchpriority=\"high\" decoding=\"async\" width=\"330\"\r\n     height=\"180\"\r\n     src=\"https:\/\/grupodesarrolladorgrvs.com\/wp-content\/uploads\/2025\/08\/URT_1-330x180.jpeg\"\r\n     onerror=\"this.src = 'https:\/\/grupodesarrolladorgrvs.com\/wp-content\/plugins\/essential-real-estate\/public\/assets\/images\/map-marker-icon.png';\"\r\n     alt=\"UTOPIA RESIDENTIAL TOWER\"\r\n     title=\"UTOPIA RESIDENTIAL TOWER\">\r\n\r\n<div class=\"ere__loop-property-action property-action\">\r\n    <a data-toggle=\"tooltip\"\r\n   title=\"(12) Photos\"\r\n   data-property-id=\"4443\"\r\n   href=\"javascript:void(0)\" class=\"property-view-gallery ere__loop-property_action-item\">\r\n    <i class=\"fa fa-camera\"><\/i>\r\n<\/a>\r\n<a href=\"javascript:void(0)\" class=\"property-favorite ere__loop-property_action-item\" data-property-id=\"4443\"\r\n   data-toggle=\"tooltip\"\r\n   title=\"Add to Favorite\"\r\n   data-title-not-favorite=\"Add to Favorite\"\r\n   data-title-favorited=\"It is my favorite\"\r\n   data-icon-not-favorite=\"fa fa-star-o\"\r\n   data-icon-favorited=\"fa fa-star\">\r\n    <i class=\"fa fa-star-o\"><\/i>\r\n<\/a>\r\n<a class=\"compare-property ere__loop-property_action-item\" href=\"javascript:void(0)\"\r\n   data-property-id=\"4443\" data-toggle=\"tooltip\"\r\n   title=\"Compare\">\r\n    <i class=\"fa fa-plus\"><\/i>\r\n<\/a>\r\n<\/div><div class=\"ere__loop-property-badge ere__lpb-status\">\r\n                    <span style=\"--ere-loop-property-badge-bg-color:#888\" class=\"ere__loop-property-badge-item ere__term-status propiedades-para-invertir\" >\r\n            <span class=\"ere__lpbi-inner\">\r\n                Propiedades para invertir            <\/span>\r\n        <\/span>\r\n    <\/div>\r\n<a class=\"property-link\" href=\"https:\/\/grupodesarrolladorgrvs.com\/en\/property\/utopia-residential-tower\/\" title=\"UTOPIA RESIDENTIAL TOWER\"><\/a>\r\n<\/div>\r\n\r\n\t\t\r\n\t\t<div class=\"property-item-content\">\r\n\t\t\t<div class=\"property-heading\">\r\n\t\t\t\t<h2 class=\"property-title\"><a href=\"https:\/\/grupodesarrolladorgrvs.com\/en\/property\/utopia-residential-tower\/\"\r\n\t\t\t\t                              title=\"UTOPIA RESIDENTIAL TOWER\">UTOPIA RESIDENTIAL TOWER<\/a>\r\n\t\t\t\t<\/h2>\r\n\t\t\t\t\t\t\t<\/div>\r\n\t\t\t\t\t\t\t<div class=\"property-location\" title=\"Puerto Vallarta\">\r\n\t\t\t\t\t<i class=\"fa fa-map-marker\"><\/i>\r\n\t\t\t\t\t<a target=\"_blank\"\r\n\t\t\t\t\t   href=\"http:\/\/maps.google.com\/?q=\"><span>Puerto Vallarta<\/span><\/a>\r\n\t\t\t\t<\/div>\r\n\t\t\t\t\t\t<div class=\"property-element-inline\">\r\n\t\t\t\t\t\t\t\t\t<div class=\"property-type-list\">\r\n\t\t\t\t\t\t<i class=\"fa fa-tag\"><\/i>\r\n\t\t\t\t\t\t\t\t\t\t\t\t\t<a href=\"https:\/\/grupodesarrolladorgrvs.com\/en\/property-type\/departamentos\/\"\r\n\t\t\t\t\t\t\t   title=\"Departamentos\"><span>Departamentos <\/span><\/a>\r\n\t\t\t\t\t\t\t\t\t\t\t<\/div>\r\n\t\t\t\t\t\t\t\t\t\t\t\t<div\r\n\t\t\t\t\t\tclass=\"property-date\">\r\n\t\t\t\t\t<i class=\"fa fa-calendar\"><\/i>\r\n\t\t\t\t\t 8 months ago\t\t\t\t<\/div>\r\n\t\t\t<\/div>\r\n\t\t\t\t\t\t\t<div class=\"property-excerpt\">\r\n\t\t\t\t\t<p>Utop\u00eda es un exclusivo desarrollo de 6 niveles que alberga \u00fanicamente 23 residencias, garantizando privacidad, exclusividad y vistas panor\u00e1micas inigualables de la bah\u00eda.Ubicado a solo unas cuadras del mar, combina la mejor relaci\u00f3n entre precio, calidad y ubicaci\u00f3n en Puerto Vallarta.El proyecto ofrece todos los beneficios para una vida c\u00f3moda y pr\u00e1ctica: cercan\u00eda a hospitales, [&hellip;]<\/p>\r\n\t\t\t\t<\/div>\r\n\t\t\t\t\t\t\r\n\t\t<\/div>\r\n\t\t\r\n\t\t<div class=\"property-info\">\r\n            <div class=\"property-info-inner\">\r\n                                                            <\/div>\r\n        <\/div>\r\n\t\t\r\n\t<\/div>\r\n<\/div>\r\n                        <\/div>\r\n            <\/div>\r\n    <\/div>","protected":false},"excerpt":{"rendered":"","protected":false},"author":1,"featured_media":0,"parent":0,"menu_order":0,"comment_status":"closed","ping_status":"closed","template":"","meta":{"footnotes":""},"class_list":["post-839","page","type-page","status-publish","hentry"],"yoast_head":"<!-- This site is optimized with the Yoast SEO plugin v26.4 - https:\/\/yoast.com\/wordpress\/plugins\/seo\/ -->\n<title>Advanced Search - GRVS<\/title>\n<meta name=\"robots\" content=\"index, follow, max-snippet:-1, max-image-preview:large, max-video-preview:-1\" \/>\n<link rel=\"canonical\" href=\"https:\/\/grupodesarrolladorgrvs.com\/en\/advanced-search\/\" \/>\n<meta property=\"og:locale\" content=\"en_US\" \/>\n<meta property=\"og:type\" content=\"article\" \/>\n<meta property=\"og:title\" content=\"Advanced Search - GRVS\" \/>\n<meta property=\"og:url\" content=\"https:\/\/grupodesarrolladorgrvs.com\/en\/advanced-search\/\" \/>\n<meta property=\"og:site_name\" content=\"GRVS\" \/>\n<meta name=\"twitter:card\" content=\"summary_large_image\" \/>\n<script type=\"application\/ld+json\" class=\"yoast-schema-graph\">{\"@context\":\"https:\/\/schema.org\",\"@graph\":[{\"@type\":\"WebPage\",\"@id\":\"https:\/\/grupodesarrolladorgrvs.com\/advanced-search\/\",\"url\":\"https:\/\/grupodesarrolladorgrvs.com\/advanced-search\/\",\"name\":\"Advanced Search - GRVS\",\"isPartOf\":{\"@id\":\"https:\/\/grupodesarrolladorgrvs.com\/#website\"},\"datePublished\":\"2023-08-17T13:52:41+00:00\",\"breadcrumb\":{\"@id\":\"https:\/\/grupodesarrolladorgrvs.com\/advanced-search\/#breadcrumb\"},\"inLanguage\":\"en-US\",\"potentialAction\":[{\"@type\":\"ReadAction\",\"target\":[\"https:\/\/grupodesarrolladorgrvs.com\/advanced-search\/\"]}]},{\"@type\":\"BreadcrumbList\",\"@id\":\"https:\/\/grupodesarrolladorgrvs.com\/advanced-search\/#breadcrumb\",\"itemListElement\":[{\"@type\":\"ListItem\",\"position\":1,\"name\":\"Portada\",\"item\":\"https:\/\/grupodesarrolladorgrvs.com\/\"},{\"@type\":\"ListItem\",\"position\":2,\"name\":\"Advanced Search\"}]},{\"@type\":\"WebSite\",\"@id\":\"https:\/\/grupodesarrolladorgrvs.com\/#website\",\"url\":\"https:\/\/grupodesarrolladorgrvs.com\/\",\"name\":\"GRVS\",\"description\":\"Grupo Residencial Verticalmente Sustentable\",\"publisher\":{\"@id\":\"https:\/\/grupodesarrolladorgrvs.com\/#organization\"},\"potentialAction\":[{\"@type\":\"SearchAction\",\"target\":{\"@type\":\"EntryPoint\",\"urlTemplate\":\"https:\/\/grupodesarrolladorgrvs.com\/?s={search_term_string}\"},\"query-input\":{\"@type\":\"PropertyValueSpecification\",\"valueRequired\":true,\"valueName\":\"search_term_string\"}}],\"inLanguage\":\"en-US\"},{\"@type\":\"Organization\",\"@id\":\"https:\/\/grupodesarrolladorgrvs.com\/#organization\",\"name\":\"GRVS\",\"url\":\"https:\/\/grupodesarrolladorgrvs.com\/\",\"logo\":{\"@type\":\"ImageObject\",\"inLanguage\":\"en-US\",\"@id\":\"https:\/\/grupodesarrolladorgrvs.com\/#\/schema\/logo\/image\/\",\"url\":\"https:\/\/grupodesarrolladorgrvs.com\/wp-content\/uploads\/2025\/08\/cropped-Screenshot-from-2025-08-06-10-52-48.png\",\"contentUrl\":\"https:\/\/grupodesarrolladorgrvs.com\/wp-content\/uploads\/2025\/08\/cropped-Screenshot-from-2025-08-06-10-52-48.png\",\"width\":380,\"height\":250,\"caption\":\"GRVS\"},\"image\":{\"@id\":\"https:\/\/grupodesarrolladorgrvs.com\/#\/schema\/logo\/image\/\"}}]}<\/script>\n<!-- \/ Yoast SEO plugin. -->","yoast_head_json":{"title":"Advanced Search - GRVS","robots":{"index":"index","follow":"follow","max-snippet":"max-snippet:-1","max-image-preview":"max-image-preview:large","max-video-preview":"max-video-preview:-1"},"canonical":"https:\/\/grupodesarrolladorgrvs.com\/en\/advanced-search\/","og_locale":"en_US","og_type":"article","og_title":"Advanced Search - GRVS","og_url":"https:\/\/grupodesarrolladorgrvs.com\/en\/advanced-search\/","og_site_name":"GRVS","twitter_card":"summary_large_image","schema":{"@context":"https:\/\/schema.org","@graph":[{"@type":"WebPage","@id":"https:\/\/grupodesarrolladorgrvs.com\/advanced-search\/","url":"https:\/\/grupodesarrolladorgrvs.com\/advanced-search\/","name":"Advanced Search - GRVS","isPartOf":{"@id":"https:\/\/grupodesarrolladorgrvs.com\/#website"},"datePublished":"2023-08-17T13:52:41+00:00","breadcrumb":{"@id":"https:\/\/grupodesarrolladorgrvs.com\/advanced-search\/#breadcrumb"},"inLanguage":"en-US","potentialAction":[{"@type":"ReadAction","target":["https:\/\/grupodesarrolladorgrvs.com\/advanced-search\/"]}]},{"@type":"BreadcrumbList","@id":"https:\/\/grupodesarrolladorgrvs.com\/advanced-search\/#breadcrumb","itemListElement":[{"@type":"ListItem","position":1,"name":"Portada","item":"https:\/\/grupodesarrolladorgrvs.com\/"},{"@type":"ListItem","position":2,"name":"Advanced Search"}]},{"@type":"WebSite","@id":"https:\/\/grupodesarrolladorgrvs.com\/#website","url":"https:\/\/grupodesarrolladorgrvs.com\/","name":"GRVS","description":"Grupo Residencial Verticalmente Sustentable","publisher":{"@id":"https:\/\/grupodesarrolladorgrvs.com\/#organization"},"potentialAction":[{"@type":"SearchAction","target":{"@type":"EntryPoint","urlTemplate":"https:\/\/grupodesarrolladorgrvs.com\/?s={search_term_string}"},"query-input":{"@type":"PropertyValueSpecification","valueRequired":true,"valueName":"search_term_string"}}],"inLanguage":"en-US"},{"@type":"Organization","@id":"https:\/\/grupodesarrolladorgrvs.com\/#organization","name":"GRVS","url":"https:\/\/grupodesarrolladorgrvs.com\/","logo":{"@type":"ImageObject","inLanguage":"en-US","@id":"https:\/\/grupodesarrolladorgrvs.com\/#\/schema\/logo\/image\/","url":"https:\/\/grupodesarrolladorgrvs.com\/wp-content\/uploads\/2025\/08\/cropped-Screenshot-from-2025-08-06-10-52-48.png","contentUrl":"https:\/\/grupodesarrolladorgrvs.com\/wp-content\/uploads\/2025\/08\/cropped-Screenshot-from-2025-08-06-10-52-48.png","width":380,"height":250,"caption":"GRVS"},"image":{"@id":"https:\/\/grupodesarrolladorgrvs.com\/#\/schema\/logo\/image\/"}}]}},"_links":{"self":[{"href":"https:\/\/grupodesarrolladorgrvs.com\/en\/wp-json\/wp\/v2\/pages\/839","targetHints":{"allow":["GET"]}}],"collection":[{"href":"https:\/\/grupodesarrolladorgrvs.com\/en\/wp-json\/wp\/v2\/pages"}],"about":[{"href":"https:\/\/grupodesarrolladorgrvs.com\/en\/wp-json\/wp\/v2\/types\/page"}],"author":[{"embeddable":true,"href":"https:\/\/grupodesarrolladorgrvs.com\/en\/wp-json\/wp\/v2\/users\/1"}],"replies":[{"embeddable":true,"href":"https:\/\/grupodesarrolladorgrvs.com\/en\/wp-json\/wp\/v2\/comments?post=839"}],"version-history":[{"count":0,"href":"https:\/\/grupodesarrolladorgrvs.com\/en\/wp-json\/wp\/v2\/pages\/839\/revisions"}],"wp:attachment":[{"href":"https:\/\/grupodesarrolladorgrvs.com\/en\/wp-json\/wp\/v2\/media?parent=839"}],"curies":[{"name":"wp","href":"https:\/\/api.w.org\/{rel}","templated":true}]}}